{"id":1221,"date":"2024-01-11T10:08:27","date_gmt":"2024-01-11T09:08:27","guid":{"rendered":"https:\/\/www.maacmarmi.it\/?page_id=1221"},"modified":"2024-07-26T20:25:24","modified_gmt":"2024-07-26T18:25:24","slug":"privacy-policy","status":"publish","type":"page","link":"https:\/\/www.maacmarmi.it\/en\/privacy-policy\/","title":{"rendered":"Privacy Policy"},"content":{"rendered":"<p>Per rendere il nostro sito pi\u00f9 facile ed intuitivo facciamo uso dei cookie. I cookie sono piccole porzioni di dati che ci permettono di confrontare i visitatori nuovi e quelli passati e di capire come gli utenti navigano attraverso il nostro sito. Utilizziamo i dati raccolti grazie ai cookie per rendere l\u2019esperienza di navigazione pi\u00f9 piacevole e pi\u00f9 efficiente in futuro.<\/p>\n<p>I cookie non registrano alcuna informazione personale su un utente e gli eventuali\u00a0 dati identificabili non verranno memorizzati. Se si desidera disabilitare l\u2019uso dei cookie \u00e8 necessario personalizzare le impostazioni del proprio computer impostando la cancellazione di tutti i cookie o attivando un messaggio di avviso quando i cookie vengono memorizzati. Per procedere senza modificare l\u2019applicazione dei cookie \u00e8 sufficiente continuare con la navigazione.<\/p>\n<p>Visita <a href=\"https:\/\/web.archive.org\/web\/20230401014308\/http:\/\/www.aboutcookies.org\/\" target=\"_blank\" rel=\"noopener\">AboutCookies.org<\/a> per ulteriori informazioni sui cookie e su come influenzano la tua esperienza di navigazione.<\/p>\n<p><strong>I tipi di cookie che utilizziamo<\/strong><\/p>\n<p>Cookie indispensabili<\/p>\n<p>Questi cookie sono essenziali al fine di consentire di spostarsi in tutto il sito ed utilizzare a pieno le sue caratteristiche, come ad esempio accedere alle varie aree protette del sito. Senza questi cookie alcuni servizi necessari, come la compilazione di un form per un concorso, non possono essere fruiti.<\/p>\n<p>Performance cookie<\/p>\n<p>Questi cookie raccolgono informazioni su come gli utenti utilizzano un sito web, ad esempio, quali sono le pagine pi\u00f9 visitare, se si ricevono messaggi di errore da pagine web. Questi cookie non raccolgono informazioni che identificano un visitatore. Tutte le informazioni raccolte tramite cookie sono\u00a0 aggregate e quindi anonime. Vengono utilizzati solo per migliorare il funzionamento di un sito web.<br \/>\nUtilizzando il nostro sito, l\u2019utente accetta che tali cookie possono essere installati sul proprio dispositivo.<\/p>\n<p>Cookie di funzionalit\u00e0<\/p>\n<p>I cookie consentono al sito di ricordare le scelte fatte dall\u2019utente (come il nome, la lingua o la regione di provenienza) e forniscono funzionalit\u00e0 avanzate personalizzate. Questi cookie possono essere utilizzati anche per ricordare le modifiche apportate alla dimensione del testo, font ed altre parti di pagine web che \u00e8 possibile personalizzare. Essi possono anche essere utilizzati per fornire servizi che hai chiesto come guardare un video o i commenti su un blog. Le informazioni raccolte da questi tipi di cookie possono essere rese anonime e non in grado di monitorare la vostra attivit\u00e0 di navigazione su altri siti web.<br \/>\nUtilizzando il nostro sito, l\u2019utente accetta che tali cookie possono essere installati sul proprio dispositivo.<\/p>\n<p><strong>Come gestire i cookie sul tuo PC<\/strong><\/p>\n<p>Se si desidera consentire i cookie dal nostro sito, si prega di seguire i passaggi riportati di seguito,<\/p>\n<p>Google Chrome<br \/>\n1. Clicca su \u201cStrumenti\u201d nella parte superiore della finestra del browser e selezionare Opzioni<br \/>\n2. Fai clic sulla scheda \u2018Roba da smanettoni\u2019 , individua la sezione \u2018Privacy\u2019, e seleziona il pulsante \u201cImpostazioni contenuto\u201d<br \/>\n3. Ora seleziona \u2018Consenti dati locali da impostare\u2019<\/p>\n<p>Microsoft Internet Explorer 6.0, 7.0, 8.0, 9.0<br \/>\n1. Clicca su \u201cStrumenti\u201d nella parte superiore della finestra del browser e seleziona \u2018Opzioni Internet\u2019, quindi fai clic sulla scheda \u2018Privacy\u2019<br \/>\n2. Per attivare i cookie nel tuo browser, assicurati che il livello di privacy \u00e8 impostato su Medio o al di sotto,<br \/>\n3. Impostando il livello di privacy sopra il Medio disattiverai l\u2019utilizzo dei cookies.<\/p>\n<p>Mozilla Firefox<br \/>\n1. Clicca su \u201cStrumenti\u201d nella parte superiore della finestra del browser e seleziona \u201cOpzioni\u201d<br \/>\n2. Quindi seleziona l\u2019icona Privacy<br \/>\n3. Fai clic su Cookie, quindi seleziona \u2018permetto ai siti l\u2019utilizzo dei cookie\u2019<\/p>\n<p>Safari<br \/>\n1. Fai clic sull\u2019icona Cog nella parte superiore della finestra del browser e seleziona l\u2019opzione \u201cPreferenze\u201d<br \/>\n2. Fai clic su \u2018Protezione\u2019, seleziona l\u2019opzione che dice \u2018Blocco di terze parti e di cookie per la pubblicit\u00e0\u2019<br \/>\n3. Fai clic su \u2018Salva\u2019<\/p>\n<p>Come gestire i cookie su Mac<br \/>\nSe si desidera consentire i cookie dal nostro sito, si prega di seguire i passaggi riportati di seguito:<\/p>\n<p>Microsoft Internet Explorer 5.0 su OSX<br \/>\n1. Fai clic su \u2018Esplora\u2019 nella parte superiore della finestra del browser e seleziona l\u2019opzione \u201cPreferenze\u201d<br \/>\n2. Scorri verso il basso fino a visualizzare \u201cCookie\u201d nella sezione File Ricezione<br \/>\n3. Seleziona l\u2019opzione \u2018Non chiedere\u2019<\/p>\n<p>Safari su OSX<br \/>\n1. Fai clic su \u2018Safari\u2019 nella parte superiore della finestra del browser e seleziona l\u2019opzione \u201cPreferenze\u201d<br \/>\n2. Fai clic su \u2018Sicurezza\u2019 e poi \u2018Accetta i cookie\u2019<br \/>\n3. Seleziona \u201cSolo dal sito\u201d<\/p>\n<p>Mozilla e Netscape su OSX<br \/>\n1. Fai clic su \u2018Mozilla\u2019 o \u2018Netscape\u2019 nella parte superiore della finestra del browser e seleziona l\u2019opzione \u201cPreferenze\u201d<br \/>\n2. Scorri verso il basso fino a visualizzare i cookie sotto \u2018Privacy e sicurezza\u2019<br \/>\n3. Seleziona \u2018Abilita i cookie solo per il sito di origine\u2019<\/p>\n<p>Opera<br \/>\n1. Fai clic su \u2018Menu\u2019 nella parte superiore della finestra del browser e seleziona \u201cImpostazioni\u201d<br \/>\n2. Quindi seleziona \u201cPreferenze\u201d, seleziona la scheda \u2018Avanzate\u2019<br \/>\n3. Quindi seleziona l\u2019opzione \u2018Accetta i cookie \u201d<\/p>\n<p>&nbsp;<\/p>\n<h2><a id=\"_Toc401161337\" name=\"_Toc401161337\"><\/a>Cookie di terze parti<\/h2>\n<p>Visitando un sito web si possono ricevere cookie sia dal sito visitato (\u201cproprietari\u201d), sia da siti gestiti da altre organizzazioni (\u201cterze parti\u201d). Un esempio notevole \u00e8 rappresentato dalla presenza dei \u201csocial plugin\u201d per Facebook, Twitter, Google+ e LinkedIn. Si tratta di parti della pagina visitata generate direttamente dai suddetti siti ed integrati nella pagina del sito ospitante. L\u2019utilizzo pi\u00f9 comune dei <a id=\"_GoBack\" name=\"_GoBack\"><\/a><em>social plugin<\/em> \u00e8 finalizzato alla condivisione dei contenuti sui social network.<\/p>\n<p>La presenza di questi <em>plugin<\/em> comporta la trasmissione di cookie da e verso tutti i siti gestiti da terze parti. La gestione delle informazioni raccolte da \u201cterze parti\u201d \u00e8 \u00a0disciplinata dalle relative informative cui si prega di fare riferimento. Per garantire una maggiore trasparenza e comodit\u00e0, si riportano qui di seguito \u00a0gli indirizzi web delle diverse informative e delle modalit\u00e0 per la gestione dei cookie.<\/p>\n<p>Facebook informativa: <a href=\"https:\/\/web.archive.org\/web\/20230401014308\/https:\/\/www.facebook.com\/help\/cookies\/\">https:\/\/www.facebook.com\/help\/cookies\/<\/a><\/p>\n<p>Facebook (configurazione): accedere al proprio account. Sezione privacy.<\/p>\n<p>Twitter informative: <a href=\"https:\/\/web.archive.org\/web\/20230401014308\/https:\/\/support.twitter.com\/articles\/20170514\">https:\/\/support.twitter.com\/articles\/20170514<\/a><\/p>\n<p>Twitter (configurazione): <a href=\"https:\/\/web.archive.org\/web\/20230401014308\/https:\/\/twitter.com\/settings\/security\">https:\/\/twitter.com\/settings\/security<\/a><\/p>\n<p>Linkedin informativa: <a href=\"https:\/\/web.archive.org\/web\/20230401014308\/https:\/\/www.linkedin.com\/legal\/cookie-policy\">https:\/\/www.linkedin.com\/legal\/cookie-policy<\/a><\/p>\n<p>Linkedin (configurazione): <a href=\"https:\/\/web.archive.org\/web\/20230401014308\/https:\/\/www.linkedin.com\/settings\/\">https:\/\/www.linkedin.com\/settings\/<\/a><\/p>\n<p>Google+ informativa: <a href=\"https:\/\/web.archive.org\/web\/20230401014308\/https:\/\/www.google.it\/intl\/it\/policies\/technologies\/cookies\/\">http:\/\/www.google.it\/intl\/it\/policies\/technologies\/cookies\/<\/a><\/p>\n<p>Google+ (configurazione): <a href=\"https:\/\/web.archive.org\/web\/20230401014308\/https:\/\/www.google.it\/intl\/it\/policies\/technologies\/managing\/\">http:\/\/www.google.it\/intl\/it\/policies\/technologies\/managing\/<\/a><\/p>\n<p><strong>Google Analytics<\/strong><\/p>\n<p>Questo sito web utilizza Google Analytics, un servizio di analisi web fornito da Google , Inc. ( \u201cGoogle\u201d) . Google Analytics utilizza dei \u201ccookies\u201d , che sono file di testo depositati sul Vostro computer per consentire al sito web di analizzare come gli utenti utilizzano il sito . Le informazioni generate dal cookie sull\u2019utilizzo del sito web\u00a0\u00a0 ( compreso il Vostro indirizzo IP anonimo ) verranno trasmesse e depositate presso i server di Google negli Stati Uniti. Google utilizzer\u00e0 queste informazioni allo scopo di esaminare il Vostro utilizzo del sito web, compilare report sulle attivit\u00e0 del sito per gli operatori dello stesso e fornire altri servizi relativi alle attivit\u00e0 del sito web e all\u2019utilizzo di internet. Google pu\u00f2 anche trasferire queste informazioni a terzi ove ci\u00f2 sia imposto dalla legge o laddove tali terzi trattino le suddette informazioni per conto di Google . Google non assocer\u00e0 il vostro indirizzo IP a nessun altro dato posseduto da Google. Potete rifiutarvi di usare i cookies selezionando l\u2019impostazione appropriata sul vostro browser, ma si prega di notare che se si fa questo non si pu\u00f2 essere in grado di utilizzare tutte le funzionalit\u00e0 di questo sito web . Utilizzando il presente sito web, voi acconsentite al trattamento dei Vostri dati da parte di Google per le modalit\u00e0 ed i fini sopraindicati .<\/p>\n<p>Si pu\u00f2 impedire a Google il rilevamento di un cookie che viene generato a causa di e legato al Vostro utilizzo di questo sito web (compreso il Vostro indirizzo IP) e l\u2019elaborazione di tali dati scaricando e installando questo plugin per il browser : <a href=\"https:\/\/web.archive.org\/web\/20230401014308\/https:\/\/tools.google.com\/dlpage\/gaoptout?hl=en\">http:\/\/tools.google.com\/dlpage\/gaoptout?hl=en<\/a><\/p>\n","protected":false},"excerpt":{"rendered":"<p>Per rendere il nostro sito pi\u00f9 facile ed intuitivo facciamo uso dei cookie. I cookie sono piccole porzioni di dati che ci permettono di confrontare i<span class=\"excerpt-hellip\"> [\u2026]<\/span><\/p>\n","protected":false},"author":1,"featured_media":0,"parent":0,"menu_order":0,"comment_status":"closed","ping_status":"closed","template":"","meta":{"footnotes":""},"class_list":["post-1221","page","type-page","status-publish","hentry"],"yoast_head":"<!-- This site is optimized with the Yoast SEO Premium plugin v22.8 (Yoast SEO v22.8) - https:\/\/yoast.com\/wordpress\/plugins\/seo\/ -->\n<title>Privacy Policy - Vendita marmi Carrara Home - Maac Marmi Carrara Srls<\/title>\n<meta name=\"robots\" content=\"index, follow, max-snippet:-1, max-image-preview:large, max-video-preview:-1\" \/>\n<link rel=\"canonical\" href=\"https:\/\/www.maacmarmi.it\/en\/privacy-policy\/\" \/>\n<meta property=\"og:locale\" content=\"en_US\" \/>\n<meta property=\"og:type\" content=\"article\" \/>\n<meta property=\"og:title\" content=\"Privacy Policy\" \/>\n<meta property=\"og:description\" content=\"Per rendere il nostro sito pi\u00f9 facile ed intuitivo facciamo uso dei cookie. I cookie sono piccole porzioni di dati che ci permettono di confrontare i [\u2026]\" \/>\n<meta property=\"og:url\" content=\"https:\/\/www.maacmarmi.it\/en\/privacy-policy\/\" \/>\n<meta property=\"og:site_name\" content=\"Vendita marmi Carrara Home - Maac Marmi Carrara Srls\" \/>\n<meta property=\"article:publisher\" content=\"https:\/\/www.facebook.com\/Maacmarmidesign\/\" \/>\n<meta property=\"article:modified_time\" content=\"2024-07-26T18:25:24+00:00\" \/>\n<meta name=\"twitter:card\" content=\"summary_large_image\" \/>\n<meta name=\"twitter:label1\" content=\"Est. reading time\" \/>\n\t<meta name=\"twitter:data1\" content=\"7 minutes\" \/>\n<script type=\"application\/ld+json\" class=\"yoast-schema-graph\">{\"@context\":\"https:\/\/schema.org\",\"@graph\":[{\"@type\":\"WebPage\",\"@id\":\"https:\/\/www.maacmarmi.it\/en\/privacy-policy\/\",\"url\":\"https:\/\/www.maacmarmi.it\/en\/privacy-policy\/\",\"name\":\"Privacy Policy - Vendita marmi Carrara Home - Maac Marmi Carrara Srls\",\"isPartOf\":{\"@id\":\"https:\/\/www.maacmarmi.it\/en\/#website\"},\"datePublished\":\"2024-01-11T09:08:27+00:00\",\"dateModified\":\"2024-07-26T18:25:24+00:00\",\"breadcrumb\":{\"@id\":\"https:\/\/www.maacmarmi.it\/en\/privacy-policy\/#breadcrumb\"},\"inLanguage\":\"en-US\",\"potentialAction\":[{\"@type\":\"ReadAction\",\"target\":[\"https:\/\/www.maacmarmi.it\/en\/privacy-policy\/\"]}]},{\"@type\":\"BreadcrumbList\",\"@id\":\"https:\/\/www.maacmarmi.it\/en\/privacy-policy\/#breadcrumb\",\"itemListElement\":[{\"@type\":\"ListItem\",\"position\":1,\"name\":\"Home\",\"item\":\"https:\/\/www.maacmarmi.it\/en\/home\/\"},{\"@type\":\"ListItem\",\"position\":2,\"name\":\"Privacy Policy\"}]},{\"@type\":\"WebSite\",\"@id\":\"https:\/\/www.maacmarmi.it\/en\/#website\",\"url\":\"https:\/\/www.maacmarmi.it\/en\/\",\"name\":\"Vendita marmi Carrara Home - Maac Marmi Carrara Srls\",\"description\":\"\",\"publisher\":{\"@id\":\"https:\/\/www.maacmarmi.it\/en\/#organization\"},\"potentialAction\":[{\"@type\":\"SearchAction\",\"target\":{\"@type\":\"EntryPoint\",\"urlTemplate\":\"https:\/\/www.maacmarmi.it\/en\/?s={search_term_string}\"},\"query-input\":\"required name=search_term_string\"}],\"inLanguage\":\"en-US\"},{\"@type\":\"Organization\",\"@id\":\"https:\/\/www.maacmarmi.it\/en\/#organization\",\"name\":\"Vendita marmi Carrara Home - Maac Marmi Carrara Srls\",\"url\":\"https:\/\/www.maacmarmi.it\/en\/\",\"logo\":{\"@type\":\"ImageObject\",\"inLanguage\":\"en-US\",\"@id\":\"https:\/\/www.maacmarmi.it\/en\/#\/schema\/logo\/image\/\",\"url\":\"https:\/\/www.maacmarmi.it\/wp-content\/uploads\/2024\/01\/Logo-owmrimez65b858rx7slguo9o2diu8dq1kfr66tlgqw-3.png\",\"contentUrl\":\"https:\/\/www.maacmarmi.it\/wp-content\/uploads\/2024\/01\/Logo-owmrimez65b858rx7slguo9o2diu8dq1kfr66tlgqw-3.png\",\"width\":280,\"height\":180,\"caption\":\"Vendita marmi Carrara Home - Maac Marmi Carrara Srls\"},\"image\":{\"@id\":\"https:\/\/www.maacmarmi.it\/en\/#\/schema\/logo\/image\/\"},\"sameAs\":[\"https:\/\/www.facebook.com\/Maacmarmidesign\/\"]}]}<\/script>\n<!-- \/ Yoast SEO Premium plugin. -->","yoast_head_json":{"title":"Privacy Policy - Vendita marmi Carrara Home - Maac Marmi Carrara Srls","robots":{"index":"index","follow":"follow","max-snippet":"max-snippet:-1","max-image-preview":"max-image-preview:large","max-video-preview":"max-video-preview:-1"},"canonical":"https:\/\/www.maacmarmi.it\/en\/privacy-policy\/","og_locale":"en_US","og_type":"article","og_title":"Privacy Policy","og_description":"Per rendere il nostro sito pi\u00f9 facile ed intuitivo facciamo uso dei cookie. I cookie sono piccole porzioni di dati che ci permettono di confrontare i [\u2026]","og_url":"https:\/\/www.maacmarmi.it\/en\/privacy-policy\/","og_site_name":"Vendita marmi Carrara Home - Maac Marmi Carrara Srls","article_publisher":"https:\/\/www.facebook.com\/Maacmarmidesign\/","article_modified_time":"2024-07-26T18:25:24+00:00","twitter_card":"summary_large_image","twitter_misc":{"Est. reading time":"7 minutes"},"schema":{"@context":"https:\/\/schema.org","@graph":[{"@type":"WebPage","@id":"https:\/\/www.maacmarmi.it\/en\/privacy-policy\/","url":"https:\/\/www.maacmarmi.it\/en\/privacy-policy\/","name":"Privacy Policy - Vendita marmi Carrara Home - Maac Marmi Carrara Srls","isPartOf":{"@id":"https:\/\/www.maacmarmi.it\/en\/#website"},"datePublished":"2024-01-11T09:08:27+00:00","dateModified":"2024-07-26T18:25:24+00:00","breadcrumb":{"@id":"https:\/\/www.maacmarmi.it\/en\/privacy-policy\/#breadcrumb"},"inLanguage":"en-US","potentialAction":[{"@type":"ReadAction","target":["https:\/\/www.maacmarmi.it\/en\/privacy-policy\/"]}]},{"@type":"BreadcrumbList","@id":"https:\/\/www.maacmarmi.it\/en\/privacy-policy\/#breadcrumb","itemListElement":[{"@type":"ListItem","position":1,"name":"Home","item":"https:\/\/www.maacmarmi.it\/en\/home\/"},{"@type":"ListItem","position":2,"name":"Privacy Policy"}]},{"@type":"WebSite","@id":"https:\/\/www.maacmarmi.it\/en\/#website","url":"https:\/\/www.maacmarmi.it\/en\/","name":"Vendita marmi Carrara Home - Maac Marmi Carrara Srls","description":"","publisher":{"@id":"https:\/\/www.maacmarmi.it\/en\/#organization"},"potentialAction":[{"@type":"SearchAction","target":{"@type":"EntryPoint","urlTemplate":"https:\/\/www.maacmarmi.it\/en\/?s={search_term_string}"},"query-input":"required name=search_term_string"}],"inLanguage":"en-US"},{"@type":"Organization","@id":"https:\/\/www.maacmarmi.it\/en\/#organization","name":"Vendita marmi Carrara Home - Maac Marmi Carrara Srls","url":"https:\/\/www.maacmarmi.it\/en\/","logo":{"@type":"ImageObject","inLanguage":"en-US","@id":"https:\/\/www.maacmarmi.it\/en\/#\/schema\/logo\/image\/","url":"https:\/\/www.maacmarmi.it\/wp-content\/uploads\/2024\/01\/Logo-owmrimez65b858rx7slguo9o2diu8dq1kfr66tlgqw-3.png","contentUrl":"https:\/\/www.maacmarmi.it\/wp-content\/uploads\/2024\/01\/Logo-owmrimez65b858rx7slguo9o2diu8dq1kfr66tlgqw-3.png","width":280,"height":180,"caption":"Vendita marmi Carrara Home - Maac Marmi Carrara Srls"},"image":{"@id":"https:\/\/www.maacmarmi.it\/en\/#\/schema\/logo\/image\/"},"sameAs":["https:\/\/www.facebook.com\/Maacmarmidesign\/"]}]}},"_links":{"self":[{"href":"https:\/\/www.maacmarmi.it\/en\/wp-json\/wp\/v2\/pages\/1221","targetHints":{"allow":["GET"]}}],"collection":[{"href":"https:\/\/www.maacmarmi.it\/en\/wp-json\/wp\/v2\/pages"}],"about":[{"href":"https:\/\/www.maacmarmi.it\/en\/wp-json\/wp\/v2\/types\/page"}],"author":[{"embeddable":true,"href":"https:\/\/www.maacmarmi.it\/en\/wp-json\/wp\/v2\/users\/1"}],"replies":[{"embeddable":true,"href":"https:\/\/www.maacmarmi.it\/en\/wp-json\/wp\/v2\/comments?post=1221"}],"version-history":[{"count":1,"href":"https:\/\/www.maacmarmi.it\/en\/wp-json\/wp\/v2\/pages\/1221\/revisions"}],"predecessor-version":[{"id":1222,"href":"https:\/\/www.maacmarmi.it\/en\/wp-json\/wp\/v2\/pages\/1221\/revisions\/1222"}],"wp:attachment":[{"href":"https:\/\/www.maacmarmi.it\/en\/wp-json\/wp\/v2\/media?parent=1221"}],"curies":[{"name":"wp","href":"https:\/\/api.w.org\/{rel}","templated":true}]}}